{"id":112,"date":"2024-10-05T18:01:59","date_gmt":"2024-10-05T16:01:59","guid":{"rendered":"https:\/\/energiemanagement-sachsen.de\/?page_id=112"},"modified":"2026-01-23T12:11:23","modified_gmt":"2026-01-23T10:11:23","slug":"leistungen","status":"publish","type":"page","link":"https:\/\/energiemanagement-sachsen.de\/leistungen\/","title":{"rendered":"Energiemanagement-Beratung f\u00fcr Unternehmen"},"content":{"rendered":"\n<p><\/p>\n\n\n\n<h2 class=\"wp-block-heading has-text-align-center\"><strong>Voller Energie in die Zukunft<\/strong><\/h2>\n\n\n\n<p class=\"has-text-align-center\">Ob Strom oder W\u00e4rme, der effiziente Umgang mit Energie ist eine der gro\u00dfen Herausforderungen erfolgreicher Unternehmen. Rechtliche Vorgaben und neue Technologien machen die Besch\u00e4ftigung mit Energiemanagement unumg\u00e4nglich. Pragmatische L\u00f6sungen sind gefragt.<\/p>\n\n\n\n<p class=\"has-text-align-center\">Mit uns als Ihrem <strong>kompetenten Partner f\u00fcr Energiemanagement<\/strong> stellen Sie Ihr Unternehmen zukunftssicher auf.<\/p>\n\n\n\n<div class=\"wp-block-buttons is-content-justification-center is-layout-flex wp-container-core-buttons-is-layout-a89b3969 wp-block-buttons-is-layout-flex\">\n<div class=\"wp-block-button\"><a class=\"wp-block-button__link wp-element-button\" href=\"#Leistungsspektrum\">Meine Leistungen<\/a><\/div>\n<\/div>\n\n\n\n<p><\/p>\n\n\n\n<div class=\"wp-block-group alignfull has-accent-4-background-color has-background has-global-padding is-layout-constrained wp-container-core-group-is-layout-a75fe9cd wp-block-group-is-layout-constrained\" id=\"Angebot\" style=\"margin-top:0;margin-bottom:0;padding-top:var(--wp--preset--spacing--10);padding-bottom:var(--wp--preset--spacing--10)\">\n<h2 class=\"wp-block-heading\">Mein Angebot: <strong>Energiemanagement-Beratung f\u00fcr Unternehmen<\/strong><\/h2>\n\n\n\n<div style=\"height:24px\" aria-hidden=\"true\" class=\"wp-block-spacer\"><\/div>\n\n\n\n<p>Als <a href=\"https:\/\/energiemanagement-sachsen.de\/leistungen\/ueber-mich\/\" data-type=\"page\" data-id=\"172\" target=\"_blank\" rel=\"noreferrer noopener\">Ingenieur mit langj\u00e4hriger Praxis-Erfahrung im Energiemanagement<\/a> in Unternehmen sowie als Berater bin ich sowohl mit technischen Feinheiten als auch mit betrieblichen Abl\u00e4ufen bestens vertraut.<\/p>\n\n\n\n<div style=\"height:24px\" aria-hidden=\"true\" class=\"wp-block-spacer\"><\/div>\n\n\n\n<p>Ob produzierendes Gewerbe oder Immobilienverwaltung, ich begleite und berate Sie zielorientiert sowohl bei der <strong>Umsetzung rechtlicher Vorgaben<\/strong> als auch bei der <strong>vollst\u00e4ndigen Implementierung eines Energiemanagementsystems<\/strong> in Ihrem Unternehmen.<\/p>\n\n\n\n<div style=\"height:24px\" aria-hidden=\"true\" class=\"wp-block-spacer\"><\/div>\n\n\n\n<h3 class=\"wp-block-heading\"><strong>Behalten Sie die Kontrolle<\/strong><\/h3>\n\n\n\n<div style=\"height:24px\" aria-hidden=\"true\" class=\"wp-block-spacer\"><\/div>\n\n\n\n<p>Den Umfang und das Tempo bestimmen Sie, je nach eigenem Know-how und personellen Ressourcen.&nbsp;<\/p>\n\n\n\n<div style=\"height:24px\" aria-hidden=\"true\" class=\"wp-block-spacer\"><\/div>\n\n\n\n<p>Neben <strong>punktueller Beratung<\/strong> zu konkreten Fragestellungen biete ich eine <strong>umfassende und zuverl\u00e4ssige Begleitung<\/strong> bei der Einf\u00fchrung Ihres Energiemanagementsystems an. Ein jederzeit transparentes Vorgehen, eine ausgepr\u00e4gte Hands-on-Mentalit\u00e4t und L\u00f6sungsorientierung sowie eine pr\u00e4zise Kommunikation lassen Sie Ihre Ziele ohne Umwege erreichen.&nbsp;<\/p>\n\n\n\n<div style=\"height:24px\" aria-hidden=\"true\" class=\"wp-block-spacer\"><\/div>\n\n\n\n<h3 class=\"wp-block-heading\"><strong>Staatlich gef\u00f6rderte Energiemanagement-Beratung<\/strong><\/h3>\n\n\n\n<div style=\"height:24px\" aria-hidden=\"true\" class=\"wp-block-spacer\"><\/div>\n\n\n\n<p>Ma\u00dfnahmen zur Steigerung der Energieeffizienz und zur Reduzierung von Emissionen k\u00f6nnen mit <strong>bis zu 80% <\/strong>gef\u00f6rdert werden. Dazu geh\u00f6ren auch Beratungsdienstleistungen.<\/p>\n\n\n\n<div style=\"height:24px\" aria-hidden=\"true\" class=\"wp-block-spacer\"><\/div>\n\n\n\n<p>Gerne unterst\u00fctze ich Sie bei der Beantragung Ihrer F\u00f6rderung. Fragen Sie unverbindlich an!<\/p>\n\n\n\n<div style=\"height:24px\" aria-hidden=\"true\" class=\"wp-block-spacer\"><\/div>\n\n\n\n<div class=\"wp-block-buttons is-content-justification-center is-layout-flex wp-container-core-buttons-is-layout-a89b3969 wp-block-buttons-is-layout-flex\">\n<div class=\"wp-block-button\"><a class=\"wp-block-button__link has-text-align-center wp-element-button\" href=\"https:\/\/energiemanagement-sachsen.de\/leistungen\/kontakt\/\" target=\"_blank\" rel=\"noreferrer noopener\">Kontakt<\/a><\/div>\n<\/div>\n<\/div>\n\n\n\n<div class=\"wp-block-group has-global-padding is-layout-constrained wp-block-group-is-layout-constrained\">\n<h2 class=\"wp-block-heading\" id=\"Leistungsspektrum\">Leistungsspektrum<\/h2>\n\n\n\n<ul class=\"wp-block-list\">\n<li>Durchf\u00fchrung von <strong>Energieaudits nach DIN EN 16247<\/strong> f\u00fcr Unternehmen aufgrund der Vorgaben aus dem EDL-G bzw. <strong>R\u00fcckverg\u00fctung <\/strong>von Energie- und Stromsteuer<\/li>\n\n\n\n<li>Best\u00e4tigung von<strong> Umsetzungspl\u00e4nen nach \u00a79 EnEfG<\/strong><\/li>\n\n\n\n<li>Identifizierung von <strong>Abw\u00e4rmpotenzialen<\/strong> und Erstellen eines <strong>Abw\u00e4rmekatasters nach \u00a716 EnEfG<\/strong><\/li>\n\n\n\n<li>Beratung und Unterst\u00fctzung bei Implementierung und Betrieb eines <strong>Energiemanagementsystems nach DIN EN ISO 50001<\/strong><\/li>\n\n\n\n<li>Beratung zu dem Themen &#8222;Rechtskataster Energie&#8220;, &#8222;Energetische Bewertung&#8220; und &#8222;Energieeinsparpotenzialanalyse von Nichtwohngeb\u00e4uden&#8220;<\/li>\n\n\n\n<li><strong>Durchf\u00fchrung interner Audits<\/strong> zur \u00dcberpr\u00fcfung des Energiemanagementsystems<\/li>\n\n\n\n<li>Nachweis der Endenergieeinsparung f\u00fcr F\u00f6rderprogramm <strong>Energie- und Ressourceneffizienz in der Wirtschaft Modul<\/strong> <strong>4<\/strong><\/li>\n\n\n\n<li>Berechnung und Nachweis der <strong>Endenergieeffizienzsteigerung <\/strong>f\u00fcr die s\u00e4chsische F\u00f6rderung gem\u00e4\u00df &#8222;<strong>F\u00f6rderrichtlinie Energie und Klima\/2023 \u2013 Modul II<\/strong>\u201c<\/li>\n<\/ul>\n\n\n\n<figure class=\"wp-block-gallery has-nested-images columns-default is-cropped wp-block-gallery-1 is-layout-flex wp-block-gallery-is-layout-flex\">\n<figure class=\"wp-block-image size-full\"><img loading=\"lazy\" decoding=\"async\" width=\"960\" height=\"640\" data-id=\"450\" src=\"https:\/\/energiemanagement-sachsen.de\/wp-content\/uploads\/2025\/09\/image.jpeg\" alt=\"\" class=\"wp-image-450\" srcset=\"https:\/\/energiemanagement-sachsen.de\/wp-content\/uploads\/2025\/09\/image.jpeg 960w, https:\/\/energiemanagement-sachsen.de\/wp-content\/uploads\/2025\/09\/image-300x200.jpeg 300w, https:\/\/energiemanagement-sachsen.de\/wp-content\/uploads\/2025\/09\/image-768x512.jpeg 768w\" sizes=\"auto, (max-width: 960px) 100vw, 960px\" \/><figcaption class=\"wp-element-caption\">\u201e<a href=\"https:\/\/stocksnap.io\/photo\/powerlines-electricity-P1NF341VQS\" target=\"_blank\" rel=\"noreferrer noopener\">Powerlines Electricity<\/a>\u201c von <a href=\"https:\/\/stocksnap.io\/author\/622\" target=\"_blank\" rel=\"noreferrer noopener\">Rodion Kutsaev<\/a>\/ <a href=\"https:\/\/creativecommons.org\/publicdomain\/zero\/1.0\/?ref=openverse\" target=\"_blank\" rel=\"noreferrer noopener\">CC0 1.0<\/a><\/figcaption><\/figure>\n<\/figure>\n<\/div>\n\n\n\n<p><\/p>\n\n\n\n<div class=\"wp-block-group alignfull has-accent-4-background-color has-background has-global-padding is-layout-constrained wp-container-core-group-is-layout-a75fe9cd wp-block-group-is-layout-constrained\" style=\"margin-top:0;margin-bottom:0;padding-top:var(--wp--preset--spacing--10);padding-bottom:var(--wp--preset--spacing--10)\">\n<h3 class=\"wp-block-heading\"><strong>Was ist Energiemanagement?<\/strong><\/h3>\n\n\n\n<div style=\"height:24px\" aria-hidden=\"true\" class=\"wp-block-spacer\"><\/div>\n\n\n\n<p>Unter Energiemanagement versteht man die <strong>systematische Betrachtung und Optimierung betrieblicher Prozesse<\/strong> durch die Brille der energetischen Effizienzsteigerung.<\/p>\n\n\n\n<div style=\"height:24px\" aria-hidden=\"true\" class=\"wp-block-spacer\"><\/div>\n\n\n\n<p>Als Faustregel gilt: Je komplexer die am Wertsch\u00f6pfungsprozess beteiligten technischen Systeme und Geb\u00e4ude, desto lohnenswerter ist die Besch\u00e4ftigung mit diesem Thema. Nicht nur gesetzlich zur <strong>Einf\u00fchrung eines Energiemanagementsystems<\/strong> verpflichtete Industrieunternehmen mit energieintensiver Produktion, auch gr\u00f6\u00dfere Dienstleister ab einem Verbrauch von einer Gigawattstunde k\u00f6nnen davon profitieren.&nbsp;<\/p>\n\n\n\n<div style=\"height:24px\" aria-hidden=\"true\" class=\"wp-block-spacer\"><\/div>\n\n\n\n<p>Je nach Branche und Unternehmensgr\u00f6\u00dfe sind unterschiedliche L\u00f6sungsans\u00e4tze zu bevorzugen, die individuell auf die jeweiligen Problemstellungen angepasst werden. <\/p>\n\n\n\n<div style=\"height:24px\" aria-hidden=\"true\" class=\"wp-block-spacer\"><\/div>\n\n\n\n<p>Ein <strong>Energiemanagementsystem nach DIN EN ISO 50001<\/strong> ist besonders f\u00fcr gr\u00f6\u00dfere Unternehmen geeignet. Mit Hilfe zyklischer Arbeitsabl\u00e4ufe werden Prozesse in unterschiedlichen Unternehmensbereichen hinsichtlich ihres Energiebedarfs analysiert und Verbesserungen implementiert, die zu Einsparungen f\u00fchren. F\u00fcr kleinere Unternehmen k\u00f6nnen schlankere Systeme wie <strong>Energieaudits <\/strong>sinnvoll sein.&nbsp;<\/p>\n\n\n\n<div style=\"height:24px\" aria-hidden=\"true\" class=\"wp-block-spacer\"><\/div>\n\n\n\n<p>Weiterf\u00fchrende Informationen sowie interessante Einblicke finden Sie in meinem <a href=\"http:\/\/www.energiemanagement-sachsen.de\/blog\">Blog<\/a>.<\/p>\n<\/div>\n\n\n\n<div id=\"Vorteile-Energiemanagement\" class=\"wp-block-group has-global-padding is-layout-constrained wp-block-group-is-layout-constrained\">\n<h3 class=\"wp-block-heading has-contrast-2-color has-text-color has-link-color wp-elements-45165c36a822c596a513265b6ad2b664\"><strong>Setzen Sie auf Nachhaltigkeit und realisieren Sie Effizienzgewinne!<\/strong><\/h3>\n\n\n\n<p><em>Ein Energiemanagementsystem nach DIN EN ISO 50001 erm\u00f6glicht Ihnen:<\/em><\/p>\n\n\n\n<figure class=\"wp-block-table is-style-stripes\"><table class=\"has-fixed-layout\"><tbody><tr><td><strong>Aufwand im Blick<\/strong><\/td><td>Fortlaufendes Monitoring Ihres Energieverbrauchs<\/td><\/tr><tr><td><strong>Energiekosten senken<\/strong><\/td><td>Bis zu 4% geringerer Verbrauch pro Jahr<\/td><\/tr><tr><td><strong>Verg\u00fcnstigungen nutzen<\/strong><\/td><td>Befreiung von Strom- und Energiesteuer<\/td><\/tr><tr><td><strong>Nachhaltig wirtschaften<\/strong><\/td><td>Mit gesteigerter Effizienz und innovativen Energietechnologien zu nachhaltigem Erfolg<\/td><\/tr><tr><td><strong>Sensibilisierung Ihrer Mitarbeiter<\/strong><\/td><td>Geringerer Energieverbrauch durch ver\u00e4ndertes Verhalten<\/td><\/tr><\/tbody><\/table><\/figure>\n<\/div>\n\n\n\n<div class=\"wp-block-group has-global-padding is-layout-constrained wp-block-group-is-layout-constrained\"><\/div>\n\n\n\n<div class=\"wp-block-group alignfull has-accent-4-background-color has-background has-global-padding is-layout-constrained wp-container-core-group-is-layout-a75fe9cd wp-block-group-is-layout-constrained\" style=\"margin-top:0;margin-bottom:0;padding-top:var(--wp--preset--spacing--10);padding-bottom:var(--wp--preset--spacing--10)\">\n<h2 class=\"wp-block-heading\" id=\"kontakt\">Referenzen<\/h2>\n\n\n\n<div style=\"height:24px\" aria-hidden=\"true\" class=\"wp-block-spacer\"><\/div>\n\n\n\n<p class=\"has-text-align-center\"><em>&#8222;Dank der professionellen und l\u00f6sungsorientierten Unterst\u00fctzung von Herrn Brinke ist es uns gelungen, in unserem Klinikum in weniger als 10 Monaten ein Energiemanagementsystem einzuf\u00fchren und den erfolgreichen Betrieb nach DIN EN ISO 50001:2018 zertifizieren zu lassen.&#8220;<\/em><\/p>\n\n\n\n<div style=\"height:24px\" aria-hidden=\"true\" class=\"wp-block-spacer\"><\/div>\n\n\n\n<p>&#8211; <strong>Martin Rossbach, Klimaschutzmanager,<br>Energiemanagementbeauftragter, St\u00e4dtisches Klinikum Dresden<\/strong> &#8211;<\/p>\n\n\n\n<div style=\"height:24px\" aria-hidden=\"true\" class=\"wp-block-spacer\"><\/div>\n\n\n\n<p><br><\/p>\n<\/div>\n\n\n\n<p><\/p>\n","protected":false},"excerpt":{"rendered":"<p>Voller Energie in die Zukunft Ob Strom oder W\u00e4rme, der effiziente Umgang mit Energie ist eine der gro\u00dfen Herausforderungen erfolgreicher Unternehmen. Rechtliche Vorgaben und neue Technologien machen die Besch\u00e4ftigung mit Energiemanagement unumg\u00e4nglich. Pragmatische L\u00f6sungen sind gefragt. Mit uns als Ihrem kompetenten Partner f\u00fcr Energiemanagement stellen Sie Ihr Unternehmen zukunftssicher auf. Mein Angebot: Energiemanagement-Beratung f\u00fcr Unternehmen [&hellip;]<\/p>\n","protected":false},"author":1,"featured_media":105,"parent":0,"menu_order":0,"comment_status":"closed","ping_status":"closed","template":"page-no-title","meta":{"footnotes":""},"class_list":["post-112","page","type-page","status-publish","has-post-thumbnail","hentry"],"_links":{"self":[{"href":"https:\/\/energiemanagement-sachsen.de\/leistungen\/wp-json\/wp\/v2\/pages\/112","targetHints":{"allow":["GET"]}}],"collection":[{"href":"https:\/\/energiemanagement-sachsen.de\/leistungen\/wp-json\/wp\/v2\/pages"}],"about":[{"href":"https:\/\/energiemanagement-sachsen.de\/leistungen\/wp-json\/wp\/v2\/types\/page"}],"author":[{"embeddable":true,"href":"https:\/\/energiemanagement-sachsen.de\/leistungen\/wp-json\/wp\/v2\/users\/1"}],"replies":[{"embeddable":true,"href":"https:\/\/energiemanagement-sachsen.de\/leistungen\/wp-json\/wp\/v2\/comments?post=112"}],"version-history":[{"count":76,"href":"https:\/\/energiemanagement-sachsen.de\/leistungen\/wp-json\/wp\/v2\/pages\/112\/revisions"}],"predecessor-version":[{"id":474,"href":"https:\/\/energiemanagement-sachsen.de\/leistungen\/wp-json\/wp\/v2\/pages\/112\/revisions\/474"}],"wp:featuredmedia":[{"embeddable":true,"href":"https:\/\/energiemanagement-sachsen.de\/leistungen\/wp-json\/wp\/v2\/media\/105"}],"wp:attachment":[{"href":"https:\/\/energiemanagement-sachsen.de\/leistungen\/wp-json\/wp\/v2\/media?parent=112"}],"curies":[{"name":"wp","href":"https:\/\/api.w.org\/{rel}","templated":true}]}}