{"id":172,"date":"2024-10-05T18:05:24","date_gmt":"2024-10-05T16:05:24","guid":{"rendered":"https:\/\/energiemanagement-sachsen.de\/?page_id=172"},"modified":"2024-10-05T18:05:24","modified_gmt":"2024-10-05T16:05:24","slug":"ueber-mich","status":"publish","type":"page","link":"https:\/\/energiemanagement-sachsen.de\/leistungen\/ueber-mich\/","title":{"rendered":"\u00dcber mich"},"content":{"rendered":"\n<p><\/p>\n\n\n\n<h1 class=\"wp-block-heading\">\u00dcber mich<\/h1>\n\n\n\n<div class=\"wp-block-cover alignleft is-light has-custom-content-position is-position-bottom-center\" style=\"min-height:389px;aspect-ratio:unset;\"><span aria-hidden=\"true\" class=\"wp-block-cover__background has-background-dim\" style=\"background-color:#888b93\"><\/span><img loading=\"lazy\" decoding=\"async\" width=\"1920\" height=\"2560\" class=\"wp-block-cover__image-background wp-image-188\" alt=\"\" src=\"https:\/\/energiemanagement-sachsen.de\/wp-content\/uploads\/2024\/10\/20211231_162245-scaled.jpg\" style=\"object-position:44% 48%\" data-object-fit=\"cover\" data-object-position=\"44% 48%\" srcset=\"https:\/\/energiemanagement-sachsen.de\/wp-content\/uploads\/2024\/10\/20211231_162245-scaled.jpg 1920w, https:\/\/energiemanagement-sachsen.de\/wp-content\/uploads\/2024\/10\/20211231_162245-225x300.jpg 225w, https:\/\/energiemanagement-sachsen.de\/wp-content\/uploads\/2024\/10\/20211231_162245-768x1024.jpg 768w, https:\/\/energiemanagement-sachsen.de\/wp-content\/uploads\/2024\/10\/20211231_162245-1152x1536.jpg 1152w, https:\/\/energiemanagement-sachsen.de\/wp-content\/uploads\/2024\/10\/20211231_162245-1536x2048.jpg 1536w\" sizes=\"auto, (max-width: 1920px) 100vw, 1920px\" \/><div class=\"wp-block-cover__inner-container is-layout-flow wp-block-cover-is-layout-flow\">\n<p class=\"has-text-align-center has-large-font-size\"><\/p>\n<\/div><\/div>\n\n\n\n<p>Mein Studium der Geb\u00e4ude- und Energietechnik an der Fachhochschule Erfurt habe ich mit einem Master of Engineering abgeschlossen. Seit 2011 bin ich f\u00fcr Implementierung und Betrieb von Energiemanagementsystemen sowie die Durchf\u00fchrung von Energieaudits in Unternehmen unterschiedlicher Branchen zust\u00e4ndig. <\/p>\n\n\n\n<p class=\"has-text-align-left\">Aktuell arbeite ich als zentraler Energiemanagementbeauftragter des Uniklinikums M\u00fcnchen &#8211; dank schnellem Internet remote aus meiner neuen s\u00e4chsischen Wahlheimat.&nbsp;<\/p>\n\n\n\n<p>Weiterbildung ist f\u00fcr mich selbstverst\u00e4ndlich, weshalb ich k\u00fcrzlich die Zertifikatsausbildung zur Energieberatung f\u00fcr Nichtwohngeb\u00e4ude erfolgreich abgeschlossen habe, um die BAFA-Zulassung f\u00fcr das F\u00f6rderprogramm &#8222;Modul 1: Energieaudit DIN EN 16247&#8220; zu erhalten.<\/p>\n","protected":false},"excerpt":{"rendered":"<p>\u00dcber mich Mein Studium der Geb\u00e4ude- und Energietechnik an der Fachhochschule Erfurt habe ich mit einem Master of Engineering abgeschlossen. Seit 2011 bin ich f\u00fcr Implementierung und Betrieb von Energiemanagementsystemen sowie die Durchf\u00fchrung von Energieaudits in Unternehmen unterschiedlicher Branchen zust\u00e4ndig. Aktuell arbeite ich als zentraler Energiemanagementbeauftragter des Uniklinikums M\u00fcnchen &#8211; dank schnellem Internet remote aus [&hellip;]<\/p>\n","protected":false},"author":1,"featured_media":0,"parent":0,"menu_order":0,"comment_status":"closed","ping_status":"closed","template":"page-no-title","meta":{"footnotes":""},"class_list":["post-172","page","type-page","status-publish","hentry"],"_links":{"self":[{"href":"https:\/\/energiemanagement-sachsen.de\/leistungen\/wp-json\/wp\/v2\/pages\/172","targetHints":{"allow":["GET"]}}],"collection":[{"href":"https:\/\/energiemanagement-sachsen.de\/leistungen\/wp-json\/wp\/v2\/pages"}],"about":[{"href":"https:\/\/energiemanagement-sachsen.de\/leistungen\/wp-json\/wp\/v2\/types\/page"}],"author":[{"embeddable":true,"href":"https:\/\/energiemanagement-sachsen.de\/leistungen\/wp-json\/wp\/v2\/users\/1"}],"replies":[{"embeddable":true,"href":"https:\/\/energiemanagement-sachsen.de\/leistungen\/wp-json\/wp\/v2\/comments?post=172"}],"version-history":[{"count":4,"href":"https:\/\/energiemanagement-sachsen.de\/leistungen\/wp-json\/wp\/v2\/pages\/172\/revisions"}],"predecessor-version":[{"id":189,"href":"https:\/\/energiemanagement-sachsen.de\/leistungen\/wp-json\/wp\/v2\/pages\/172\/revisions\/189"}],"wp:attachment":[{"href":"https:\/\/energiemanagement-sachsen.de\/leistungen\/wp-json\/wp\/v2\/media?parent=172"}],"curies":[{"name":"wp","href":"https:\/\/api.w.org\/{rel}","templated":true}]}}